{"id":86,"date":"2021-09-09T18:40:46","date_gmt":"2021-09-09T17:40:46","guid":{"rendered":"https:\/\/www.anchorenglish.com\/frenchwp\/?page_id=86"},"modified":"2023-09-25T18:44:10","modified_gmt":"2023-09-25T17:44:10","slug":"86-2","status":"publish","type":"page","link":"https:\/\/www.anchorenglish.com\/frenchwp\/86-2\/","title":{"rendered":"Tarif\/Paiement"},"content":{"rendered":"\n<figure class=\"wp-block-table\"><table><tbody><tr><td><a href=\"#iq\" data-type=\"internal\" data-id=\"#iq\">&gt;&gt; Obtenir un devis rapid ici<\/a><em><br><br><\/em><a href=\"#howtopay\">&gt;&gt; Modes de paiement<\/a><em><br><\/em><br><\/td><td><a href=\"payment.htm\"><\/a><\/td><\/tr><\/tbody><\/table><\/figure>\n\n\n\n<p><strong>Syst\u00e8me d&#8217;\u00e9valuation facile et rapide<\/strong><br>Un devis rapide vous sera \u00e9tabli gr\u00e2ce \u00e0 notre syst\u00e8me d&#8217;\u00e9valuation simple bas\u00e9 sur le nombre de mots contenu dans le document. Pour calculer le prix nous multiplions simplement le nombre de mots par le tarif au mot. PAS DE FRAIS DE CARTE DE CR\u00c9DIT OU DE TVA.&nbsp;<br><br>Par exemple :<br>Le prix pour un document de 2000 mots, en euros = 2000 x 0.021 = <strong>42 euros<br><br><\/strong>Avant de commencer une correction nous vous adressons toujours un devis. <strong>Le prix indiqu\u00e9 est garanti.<br><\/strong>Pour obtenir un devis imm\u00e9diat,<a href=\"https:\/\/anchorenglish.com\/french\/frprices.htm#iq\">&nbsp;cliquez ici.<\/a>&nbsp;<br>Notre prix comprend toujours notre&nbsp;processus de relecture complet en 5&nbsp;\u00e9tapes&nbsp;pour garantir que votre document re\u00e7oive le meilleur traitement possible.<br><br>Voir ci-dessous les prix au mot pour le service normal. Pour le service express, un suppl\u00e9ment de 50% s\u2019applique. <em>(Le montant minimum des frais est de 25 Euros)<\/em><br><\/p>\n\n\n\n<figure class=\"wp-block-table\"><table><tbody><tr><td><strong>Euros<\/strong><\/td><td>0.021 EUR<\/td><\/tr><tr><td><strong>Suisse<\/strong><\/td><td>0.026 CHF<\/td><\/tr><tr><td><strong>Canada<\/strong><\/td><td>0.039 CAD<\/td><\/tr><tr><td><strong>R-U<\/strong><\/td><td>0.021 GBP<\/td><\/tr><\/tbody><\/table><\/figure>\n\n\n\n<p>Si votre devise n&#8217;est pas list\u00e9e ici veuillez&nbsp;<a href=\"mailto:info@anchorenglish.com\">nous contacter<\/a>. Nous vous enverrons un devis imm\u00e9diat.<br><br>Ces prix s&#8217;appliquent \u00e0 la majorit\u00e9 des documents que nous recevons, mais si le document n\u00e9cessite plus que le niveau standard de relecture, nous pouvons facturer un prix plus \u00e9lev\u00e9. Cependant, nous en conviendrons toujours avec vous \u00e0 l&#8217;avance.<br><em><br>_________________________________________________________<\/em><\/p>\n\n\n<p><strong>R\u00e9ductions<a name=\"discounts\"><\/a><br \/><\/strong><\/p>\n<p>Nous offrons de grandes remises dans les circonstances suivantes :<\/p>\n<p><em>Documents de plus de 10 000 mots<\/em><br \/>Nous nous sp\u00e9cialisons dans la relecture de longs documents tels que des th\u00e8ses, des m\u00e9moires, des documents de recherche, des documents commerciaux, des manuscrits de livres ou des documents acad\u00e9miques de toutes sortes.<\/p>\n<p><em>Documents longs de haute qualit\u00e9 en anglais<\/em><br \/>Celles-ci n\u00e9cessiteront un peu moins de temps pour la correction, nous vous accorderons donc une remise sur le prix standard. Cependant, soyez assur\u00e9 qu&#8217;il n&#8217;y aura aucun compromis sur la qualit\u00e9.<\/p>\n<p>Pour obtenir votre devis \u00e0 prix r\u00e9duit, <a href=\"http:\/\/www.anchorenglish.com\/wordp\/sample-page\/\">veuillez nous envoyer le document<\/a> .&nbsp;<\/p>\n<p><em>_________________________________________________________<\/em><\/p>\n\n\n<p><a href=\"https:\/\/www.anchorenglish.com\/wordp\/wp-content\/uploads\/2019\/03\/ccgood2-e1552073544147.gif\"><img loading=\"lazy\" decoding=\"async\" class=\"alignnone size-full wp-image-605\" src=\"https:\/\/www.anchorenglish.com\/wordp\/wp-content\/uploads\/2019\/03\/ccgood2-e1552073544147.gif\" alt=\"\" width=\"179\" height=\"26\"><\/a><\/p>\n\n\n\n<p><\/p>\n\n\n\n<p><strong>Modes de Paiement<\/strong><\/p>\n\n\n\n<p>Nos modalit\u00e9s de paiement privil\u00e9gi\u00e9es sont les suivantes:<\/p>\n\n\n\n<p><\/p>\n\n\n\n<p>*<strong>Carte de cr\u00e9dit &#8211; <\/strong>Payez en toute confiance via notre serveur s\u00e9curis\u00e9 avec une carte de cr\u00e9dit. <a href=\"https:\/\/www.anchorenglish.com\/pay\">Effectuer un paiement.<\/a><\/p>\n\n\n\n<p><br><strong>Transfert bancaire<\/strong>&nbsp;&#8211; Vous pouvez effectuer vos paiements par transfert sur notre compte. Les d\u00e9tails seront envoy\u00e9s avec la facture.<\/p>\n\n\n\n<p><br>*<strong>MoneyGram<\/strong> &#8211; Une mani\u00e8re simple d&#8217;envoyer l&#8217;argent \u00e0 l&#8217;\u00e9tranger. Adressez-vous \u00e0 votre agence locale de&nbsp;MoneyGram. Pour plus d&#8217;informations rendez-vous sur&nbsp;<a href=\"https:\/\/www.moneygram.com\/\">le site Web de MoneyGram.<\/a><\/p>\n\n\n\n<p><br>Nous demandons le paiement avec la commande. Cependant, paiement diff\u00e9r\u00e9 et la facturation ensuelle sont disponible pour les clients r\u00e9guliers. <\/p>\n\n\n\n<p>Pour les documents longs, nous pouvons demander un acompte, le solde \u00e9tant payable quand le travail est fini. <\/p>\n\n\n\n<p><\/p>\n\n\n\n<p><\/p>\n\n\n\n<p><em>_________________________________________________________<\/em><\/p>\n\n\n\n<p><strong>Obtenir un devis imm\u00e9diat<\/strong> &#8211; compl\u00e9tez svp le formulaire ci-dessous, et cliquez &#8216;Obtenir devis&#8217; \n<SCRIPT language=Javascript>\r\n<!-- \r\n\t\r\nfunction getquote() {\r\n\r\nif ((document.fillin.wordslines.value) == \"\"){alert(\"Please enter your word count.\");return false;} \r\nif ((parseInt(document.fillin.wordslines.value) != document.fillin.wordslines.value) || \r\ndocument.fillin.wordslines.value < 0 || document.fillin.wordslines.value > 999999999999999999999){alert(\"Please enter your word count using digits only.\");return false;}\r\n\r\n\r\nfor (var i=0; i < document.fillin.editing.length; i++) { if (document.fillin.editing[i].checked) { var rad_val = document.fillin.editing[i].value; } } \r\n\r\nvar wordslines;\r\nwordslines=document.fillin.wordslines.value;\r\n\r\nvar type;\r\ntype=document.fillin.material.value+rad_val;\r\n\r\nif (type==\"JPYlight\"){amount=(wordslines*4.8);(dollaramount=(amount)*0.0063)};\r\nif (type==\"Euroslight\"){amount=(wordslines*0.021) ;(dollaramount=(amount)*1.5)};\r\nif (type==\"USDlight\"){amount=(wordslines*.029);dollaramount=(amount*1.5)};\r\nif (type==\"SEKlight\"){amount=(wordslines*0.25);dollaramount=(amount*1.5)};\r\nif (type==\"GBPlight\"){amount=(wordslines*.021);dollaramount=(amount*1.5)};\r\nif (type==\"JPYfull\"){amount=(wordslines*7.2);dollaramount=(amount*0.007)};\r\nif (type==\"Eurosfull\"){amount=(wordslines*0.032);dollaramount=(amount*1.5)};\r\nif (type==\"USDfull\"){amount=(wordslines*.044);dollaramount=(amount*1.5)};\r\nif (type==\"SEKfull\"){amount=(wordslines*0.37);dollaramount=(amount*1.5)};\r\nif (type==\"GBPfull\"){amount=(wordslines*.032);dollaramount=(amount*1.5)};\r\n\r\nif (amount<=25){amount=25;dollaramount=37.50};\r\n\r\n\r\ndocument.fillin.quote.value=\"\"+twopoints();\r\ndocument.fillin.dollarquote.value=\"(approx. $\"+dollartwopoints()+\")\";\r\n\r\n\r\n}\r\n\r\nfunction twopoints() {\r\n\r\nvar n;\r\nn=amount;\r\n\r\n  var s = \"\" + Math.round(n * 1) \/ 1\r\n  var i = s.indexOf('')\r\n  if (i < 0) return s + \".00\"\r\n  var t = s.substring(0, i + 1) + s.substring(i + 1, i + 6)\r\n  if (i + 2 == s.length) t += \"\"\r\n  return t\r\n}\r\n\r\nfunction dollartwopoints() {\r\n\r\nvar n;\r\nn=dollaramount;\r\n\r\n  var s = \"\" + Math.round(n * 100) \/ 100\r\n  var i = s.indexOf('.')\r\n  if (i < 0) return s + \".00\"\r\n  var t = s.substring(0, i + 1) + s.substring(i + 1, i + 3)\r\n  if (i + 2 == s.length) t += \"0\"\r\n  return t\r\n}\r\n\r\nfunction checkamount(){\r\n\r\nif (document.fillin.quote.value==\"\"){alert(\"Please complete the above form to generate a quote before attempting to make payment.\");return false;}\r\n\r\n}\r\n-->\r\n                              <\/SCRIPT>\r\n                                    <\/b><\/font>\r\n\r\n                                            <FORM name=fillin>\r\n                                              \r\n                                                <TBODY>\r\n                                                  <TR bgcolor=\"#FFFFFF\">\r\n                                                    <TD colSpan=2><div align=\"left\"><font color=\"#FF0033\" size=\"2\" face=\"Arial, Helvetica, sans-serif\"><strong>Votre Document<\/strong><\/FONT><strong><\/font><\/strong><\/div><\/TD>\r\n                                                  <\/TR>\r\n                                                  <TR bgcolor=\"#FFFFFF\">\r\n                                                    <TD width=\"19%\" align=right vAlign=top><div align=\"left\"><font color=\"#666666\" size=\"3\" face=\"Arial, Helvetica, sans-serif\" class=\"main\"><b>Devise:<\/b><\/font><\/div><\/TD>\r\n                                                    <TD vAlign=bottom align=left width=\"81%\"><font color=\"#999999\" size=\"3\" face=\"Arial, Helvetica, sans-serif\"><b>\r\n                                                      <select size=1 name=material>\r\n                                                        <option value=\"JPY\" selected>JPY<\/option>\r\n                                                        <option value=USD>USD<\/option>\r\n                                                        <option value=Euros>Euros<\/option>\r\n                                                        <option value=SEK>SEK<\/option>\r\n                                                        <option value=GBP>GBP<\/option>\r\n                                                      <\/select>\r\n                                                    <\/b><\/font><\/TD>\r\n                                                  <\/TR>\r\n                                                  <TR bgcolor=\"#FFFFFF\">\r\n                                                    <TD vAlign=top align=right width=\"19%\"><div align=\"left\" class=\"main\"><b>Service:<\/b><b><\/b><\/font><\/span><\/font><\/div><\/TD>\r\n                                                    <TD vAlign=bottom align=left width=\"81%\"><font color=\"#666666\" size=\"3\" face=\"Arial, Helvetica, sans-serif\"><b>\r\n                                                      <input type=radio checked value=light name=editing>\r\n                                                      Normal \r\n                                                      Service<BR>\r\n                                                      <input type=radio  \r\n                  value=full name=editing>\r\n                                                      Express Service<\/span><\/b><\/font><\/TD>\r\n                                                  <\/TR>\r\n                                                  <TR bgcolor=\"#FFFFFF\">\r\n                                                    <TD width=\"19%\" align=right vAlign=top><div align=\"left\"><span class=\"main\"><b>Mots: <\/b><\/font><\/span><font color=\"#999999\" size=\"3\" face=\"Arial, Helvetica, sans-serif\"><b><strong><br>\r\n                                                      <\/strong><\/b><\/font><\/div><\/TD>\r\n                                                    <TD vAlign=top align=left width=\"81%\"><font color=\"#999999\" size=\"2\" face=\"Arial, Helvetica, sans-serif\"><b>\r\n                                                      <input name=wordslines size=8 maxlength=\"7\">\r\n                                                      <span class=\"main\">(sans virgules)<\/span><\/b><\/font><\/TD>\r\n                                                  <\/TR>\r\n                                                  <TR>\r\n                                                    <TD vAlign=center align=middle><div align=\"left\"> <font color=\"#999999\" size=\"3\" face=\"Arial, Helvetica, sans-serif\"><b>\r\n                                                      <input onClick=getquote() type=button value=\"Obtenir devis\" name=B1>\r\n                                                    <\/b><\/font><\/div><\/TD>\r\n                                                    <TD vAlign=center align=middle><div align=\"left\"> <font color=\"#999999\" size=\"3\" face=\"Arial, Helvetica, sans-serif\"><b>\r\n                                                      <input name=quote \r\n                  style=\"BORDER-RIGHT: #3399ff 1px solid; BORDER-TOP: #3399ff 1px solid; FONT-WEIGHT: bold; FONT-SIZE: 12pt; color=#cc0000; BORDER-LEFT: #3399ff 1px solid; BORDER-BOTTOM: #3399ff 1px solid; FONT-FAMILY: Arial\" value=\" {prix}\" size=10\r\n                  readonly>\r\n                                                    <\/b><\/font><\/div><\/TD>\r\n                                                  <\/TR>\r\n                                                  <TR>\r\n                                                    <TD vAlign=top align=middle colSpan=2><div align=\"left\"><font color=\"#999999\" size=\"3\" face=\"Arial, Helvetica, sans-serif\"><b><span class=\"main\"><em>*Facturation Minimum:\r\n25 GBP \/ 25 \r\n                                                      Euros \/ 5000 JPY \/ 30 USD \/ 300 SEK<\/em><\/span><\/b><\/font><\/div><\/TD>\r\n                                                  <\/TR>\r\n                                                  <TR>\r\n                                                    <TD vAlign=top align=middle colSpan=2><P align=left><font color=\"#999999\" size=\"3\" face=\"Arial, Helvetica, sans-serif\"><b><span class=\"main\">\r\n                                                      1:  Le devis instantan\u00e9 est un guide. Si vous \u00eates satisfait de votre devis, envoyez-nous votre document et nous vous confirmerons le prix.<br>\r\n                                                      <br>\r\n                                                      2: Si votre document compte plus de 10\u00a0000\u00a0mots, veuillez nous <a href=\"mailto:info@anchorenglish.com\" class=\"blulink\">envoyez un e-mail \r\n                                                        <\/a> pour obtenir un devis, car nous pouvons offrir une r\u00e9duction.<\/span><\/b><\/font><\/P><\/TD>\r\n\n<\/p>\n\n\n\n<p><\/p>\n","protected":false},"excerpt":{"rendered":"<p>&gt;&gt; Obtenir un devis rapid ici &gt;&gt; Modes de paiement Syst\u00e8me d&#8217;\u00e9valuation facile et rapideUn devis rapide vous sera \u00e9tabli gr\u00e2ce \u00e0 notre syst\u00e8me d&#8217;\u00e9valuation simple bas\u00e9 sur le nombre de mots contenu dans le document. Pour calculer le prix nous multiplions simplement le nombre de mots par le tarif au mot. PAS DE FRAIS [&hellip;]<\/p>\n","protected":false},"author":1,"featured_media":0,"parent":0,"menu_order":0,"comment_status":"closed","ping_status":"closed","template":"","meta":{"ub_ctt_via":"","footnotes":""},"class_list":["post-86","page","type-page","status-publish","hentry"],"featured_image_src":null,"_links":{"self":[{"href":"https:\/\/www.anchorenglish.com\/frenchwp\/wp-json\/wp\/v2\/pages\/86","targetHints":{"allow":["GET"]}}],"collection":[{"href":"https:\/\/www.anchorenglish.com\/frenchwp\/wp-json\/wp\/v2\/pages"}],"about":[{"href":"https:\/\/www.anchorenglish.com\/frenchwp\/wp-json\/wp\/v2\/types\/page"}],"author":[{"embeddable":true,"href":"https:\/\/www.anchorenglish.com\/frenchwp\/wp-json\/wp\/v2\/users\/1"}],"replies":[{"embeddable":true,"href":"https:\/\/www.anchorenglish.com\/frenchwp\/wp-json\/wp\/v2\/comments?post=86"}],"version-history":[{"count":13,"href":"https:\/\/www.anchorenglish.com\/frenchwp\/wp-json\/wp\/v2\/pages\/86\/revisions"}],"predecessor-version":[{"id":338,"href":"https:\/\/www.anchorenglish.com\/frenchwp\/wp-json\/wp\/v2\/pages\/86\/revisions\/338"}],"wp:attachment":[{"href":"https:\/\/www.anchorenglish.com\/frenchwp\/wp-json\/wp\/v2\/media?parent=86"}],"curies":[{"name":"wp","href":"https:\/\/api.w.org\/{rel}","templated":true}]}}