{"id":75,"date":"2021-09-09T16:33:36","date_gmt":"2021-09-09T15:33:36","guid":{"rendered":"https:\/\/www.anchorenglish.com\/frenchwp\/?page_id=75"},"modified":"2021-09-09T18:31:40","modified_gmt":"2021-09-09T17:31:40","slug":"notre-systeme-de-correction","status":"publish","type":"page","link":"https:\/\/www.anchorenglish.com\/frenchwp\/notre-systeme-de-correction\/","title":{"rendered":"Syst\u00e8me de correction"},"content":{"rendered":"\n<p><strong>Que veut dire \u00ab correction \u00bb?<\/strong><\/p>\n\n\n\n<p>Le terme \u00ab r\u00e9vision \u00bb (proofreading en anglais) est employ\u00e9 couramment en anglais moderne mais le sens peut changer de mani\u00e8re subtile selon le contexte. Dans notre cas, \u00ab r\u00e9vision \u00bb signifie la v\u00e9rification de l&#8217;anglais dans un document et la correction de toutes les erreurs de syntaxe, de grammaire, et d&#8217;orthographe. De plus, nous v\u00e9rifions le style contextuel du document pour nous assurer qu&#8217;il est appropri\u00e9 au sujet, et nous v\u00e9rifions \u00e9galement et ajustons le style g\u00e9n\u00e9ral afin que la version finale soit fluide et naturelle.<\/p>\n\n\n\n<p>Processus de correction en 5 \u00e9tapes<\/p>\n\n\n\n<ol class=\"wp-block-list\"><li><strong>\u00c9tape de &#8216;Scanning&#8217;: <\/strong>le correcteur analyse le document rapidement pour se faire une impression de la tonalit\u00e9 et pour \u00e9valuer le niveau anglais g\u00e9n\u00e9ral.<\/li><li><strong>\u00c9tape de correction principale: <\/strong>le document est soigneusement corrig\u00e9 dans son int\u00e9gralit\u00e9 pour obtenir un anglais clair et lisible.<\/li><li><strong>\u00c9tape de v\u00e9rification de coh\u00e9rence: <\/strong>\u00abOnline\u00bb ou \u00abon-line\u00bb? Parfois, plus d&#8217;une version correcte est possible. Nous v\u00e9rifions la coh\u00e9rence de l&#8217;orthographe, la c\u00e9sure, la capitalisation, la ponctuation, l&#8217;usage des abr\u00e9viations \u2026 et plus encore.<\/li><li><strong>\u00c9tape de relecture: <\/strong>le correcteur lit le document soigneusement une deuxi\u00e8me fois. C\u2019est l\u2019occasion d\u2019identifier un \u00e9ventuel reliquat d\u2019erreurs et de balayer le texte pour une ultime am\u00e9lioration.<\/li><li><strong>\u00c9tape de v\u00e9rification orthographique:<\/strong> enfin, nous lan\u00e7ons un programme de v\u00e9rification automatiquement l&#8217;orthographe du document afin de s\u2019assurer d\u2019une \u00e9criture parfaite.\u00a0<\/li><\/ol>\n\n\n\n<p>Ensuite, le document est renvoy\u00e9 au client sous deux formes (d\u00e9crites ci-dessous). Le client peut alors examiner le document et demander de nouvelles corrections ou explications &#8211; <strong>sans frais compl\u00e9mentaires<\/strong>!<\/p>\n\n\n\n<p><strong>Exemples de documents corrig\u00e9s<\/strong><\/p>\n\n\n\n<p>Quand nous corrigeons un document nous pensons qu&#8217;il est important que nos clients puissent visualiser exactement ce que nous avons modifi\u00e9. Par cons\u00e9quent, apr\u00e8s avoir corrig\u00e9 votre travail, nous vous renvoyons DEUX documents, \u00e0 savoir :<\/p>\n\n\n\n<ul class=\"wp-block-list\"><li><strong>Un document &#8216;suggested&#8217; (sugg\u00e9r\u00e9)<\/strong> &#8211; o\u00f9 sont indiqu\u00e9es toutes nos interventions par l\u2019emploi d\u2019une couleur diff\u00e9rente, afin que vous puissiez juger du travail effectu\u00e9.. <br><br><\/li><li><strong>Un document &#8216;changed&#8217; (modifi\u00e9) &#8211; c&#8217;est le document final incluant toutes les corrections.<\/strong><\/li><\/ul>\n\n\n\n<p><strong>Exemples<\/strong><\/p>\n\n\n\n<p>ORIGINAL<\/p>\n\n\n\n<figure class=\"wp-block-image is-style-default\"><img decoding=\"async\" src=\"https:\/\/www.anchorenglish.com\/wordp\/wp-content\/uploads\/2019\/03\/before2.jpg\" alt=\"\" class=\"wp-image-565\"\/><figcaption><br>Voici le document original envoy\u00e9 par notre client. Il contient un certain nombre d&#8217;erreurs que nous devons corriger.\u00a0 <\/figcaption><\/figure>\n\n\n\n<p>SUGGESTED (SUGG\u00c9R\u00c9)<\/p>\n\n\n\n<figure class=\"wp-block-image\"><img decoding=\"async\" src=\"https:\/\/www.anchorenglish.com\/wordp\/wp-content\/uploads\/2019\/03\/edited.gif\" alt=\"\" class=\"wp-image-567\"\/><figcaption> <br>Dans ce document nous indiquons clairement tous les changements que nous avons r\u00e9alis\u00e9s. Les ajouts sont soulign\u00e9s et les suppressions sont ray\u00e9es.<\/figcaption><\/figure>\n\n\n\n<p>CHANGED (MODIFI\u00c9)<\/p>\n\n\n\n<figure class=\"wp-block-image\"><img decoding=\"async\" src=\"https:\/\/www.anchorenglish.com\/wordp\/wp-content\/uploads\/2019\/03\/after2.jpg\" alt=\"\" class=\"wp-image-568\"\/><figcaption> <br>C&#8217;est le document final. Tous les changements ont \u00e9t\u00e9 effectu\u00e9s.<\/figcaption><\/figure>\n\n\n\n<p><strong>Commentaires<\/strong><\/p>\n\n\n\n<p>En plus des changements des corrections propos\u00e9es dans le document &#8216;sugg\u00e9r\u00e9\u2019 nous ajoutons parfois des &#8216;commentaires&#8217;. Ce sont des fen\u00eatres de texte qui apparaissent quand vous faites glisser votre curseur sur certaines parties du texte. Nous utilisons ces commentaires pour fournir ou demander des informations suppl\u00e9mentaires.<br>Les commentaires peuvent \u00eatre supprim\u00e9s facilement. Cliquez droit sur le commentaire et s\u00e9lectionnez \u00ab effacer \u00bb.<\/p>\n","protected":false},"excerpt":{"rendered":"<p>Que veut dire \u00ab correction \u00bb? Le terme \u00ab r\u00e9vision \u00bb (proofreading en anglais) est employ\u00e9 couramment en anglais moderne mais le sens peut changer de mani\u00e8re subtile selon le contexte. Dans notre cas, \u00ab r\u00e9vision \u00bb signifie la v\u00e9rification de l&#8217;anglais dans un document et la correction de toutes les erreurs de syntaxe, de [&hellip;]<\/p>\n","protected":false},"author":1,"featured_media":0,"parent":0,"menu_order":0,"comment_status":"closed","ping_status":"closed","template":"","meta":{"ub_ctt_via":"","footnotes":""},"class_list":["post-75","page","type-page","status-publish","hentry"],"featured_image_src":null,"_links":{"self":[{"href":"https:\/\/www.anchorenglish.com\/frenchwp\/wp-json\/wp\/v2\/pages\/75","targetHints":{"allow":["GET"]}}],"collection":[{"href":"https:\/\/www.anchorenglish.com\/frenchwp\/wp-json\/wp\/v2\/pages"}],"about":[{"href":"https:\/\/www.anchorenglish.com\/frenchwp\/wp-json\/wp\/v2\/types\/page"}],"author":[{"embeddable":true,"href":"https:\/\/www.anchorenglish.com\/frenchwp\/wp-json\/wp\/v2\/users\/1"}],"replies":[{"embeddable":true,"href":"https:\/\/www.anchorenglish.com\/frenchwp\/wp-json\/wp\/v2\/comments?post=75"}],"version-history":[{"count":8,"href":"https:\/\/www.anchorenglish.com\/frenchwp\/wp-json\/wp\/v2\/pages\/75\/revisions"}],"predecessor-version":[{"id":85,"href":"https:\/\/www.anchorenglish.com\/frenchwp\/wp-json\/wp\/v2\/pages\/75\/revisions\/85"}],"wp:attachment":[{"href":"https:\/\/www.anchorenglish.com\/frenchwp\/wp-json\/wp\/v2\/media?parent=75"}],"curies":[{"name":"wp","href":"https:\/\/api.w.org\/{rel}","templated":true}]}}