{"id":7,"date":"2021-02-12T18:00:24","date_gmt":"2021-02-12T18:00:24","guid":{"rendered":"https:\/\/www.anchorenglish.com\/frenchwp\/?page_id=7"},"modified":"2021-09-06T18:41:54","modified_gmt":"2021-09-06T17:41:54","slug":"contact","status":"publish","type":"page","link":"https:\/\/www.anchorenglish.com\/frenchwp\/contact\/","title":{"rendered":"Contactez-nous"},"content":{"rendered":"\n<p>Email : <a href=\"mailto:info@anchorenglish.com\">Cliquez ici<\/a><br>Nous r\u00e9pondrons \u00e0 votre email d\u00e8s r\u00e9ception. Cependant, \u00e9tant bas\u00e9s au Royaume-Uni, merci de tenir compte du d\u00e9calage horaire avec votre pays. Si vous n&#8217;avez pas re\u00e7u de r\u00e9ponse dans les 24 heures, merci de renouveler votre demande.<br>Pour soumettre un document imm\u00e9diatement, veuillez vous rendre sur la page <a href=\"https:\/\/www.anchorenglish.com\/frenchwp\/envoi\/\" data-type=\"page\" data-id=\"54\">&#8216;Envoi de documents&#8217;<\/a><\/p>\n","protected":false},"excerpt":{"rendered":"<p>Email : Cliquez iciNous r\u00e9pondrons \u00e0 votre email d\u00e8s r\u00e9ception. Cependant, \u00e9tant bas\u00e9s au Royaume-Uni, merci de tenir compte du d\u00e9calage horaire avec votre pays. Si vous n&#8217;avez pas re\u00e7u de r\u00e9ponse dans les 24 heures, merci de renouveler votre demande.Pour soumettre un document imm\u00e9diatement, veuillez vous rendre sur la page &#8216;Envoi de documents&#8217;<\/p>\n","protected":false},"author":1,"featured_media":0,"parent":0,"menu_order":0,"comment_status":"closed","ping_status":"closed","template":"","meta":{"ub_ctt_via":"","footnotes":""},"class_list":["post-7","page","type-page","status-publish","hentry"],"featured_image_src":null,"_links":{"self":[{"href":"https:\/\/www.anchorenglish.com\/frenchwp\/wp-json\/wp\/v2\/pages\/7","targetHints":{"allow":["GET"]}}],"collection":[{"href":"https:\/\/www.anchorenglish.com\/frenchwp\/wp-json\/wp\/v2\/pages"}],"about":[{"href":"https:\/\/www.anchorenglish.com\/frenchwp\/wp-json\/wp\/v2\/types\/page"}],"author":[{"embeddable":true,"href":"https:\/\/www.anchorenglish.com\/frenchwp\/wp-json\/wp\/v2\/users\/1"}],"replies":[{"embeddable":true,"href":"https:\/\/www.anchorenglish.com\/frenchwp\/wp-json\/wp\/v2\/comments?post=7"}],"version-history":[{"count":5,"href":"https:\/\/www.anchorenglish.com\/frenchwp\/wp-json\/wp\/v2\/pages\/7\/revisions"}],"predecessor-version":[{"id":60,"href":"https:\/\/www.anchorenglish.com\/frenchwp\/wp-json\/wp\/v2\/pages\/7\/revisions\/60"}],"wp:attachment":[{"href":"https:\/\/www.anchorenglish.com\/frenchwp\/wp-json\/wp\/v2\/media?parent=7"}],"curies":[{"name":"wp","href":"https:\/\/api.w.org\/{rel}","templated":true}]}}