{"id":61,"date":"2021-09-07T20:27:23","date_gmt":"2021-09-07T19:27:23","guid":{"rendered":"https:\/\/www.anchorenglish.com\/frenchwp\/?page_id=61"},"modified":"2021-09-09T16:14:00","modified_gmt":"2021-09-09T15:14:00","slug":"duree-de-revision","status":"publish","type":"page","link":"https:\/\/www.anchorenglish.com\/frenchwp\/duree-de-revision\/","title":{"rendered":"Dur\u00e9e de r\u00e9vision"},"content":{"rendered":"\n<p>Nous offrons deux types de service, Normale et Expr\u00e8s.<\/p>\n\n\n\n<figure class=\"wp-block-table\"><table><tbody><tr><td><strong>Mots<\/strong><\/td><td><strong>Dur\u00e9e de r\u00e9vision<\/strong><\/td><td><\/td><\/tr><tr><td><\/td><td><em>Normal<\/em><\/td><td><em>Express<\/em><\/td><\/tr><tr><td><strong>jusqu&#8217;\u00e0&nbsp; 2,000<\/strong><\/td><td>72 heures<\/td><td>24 heures<\/td><\/tr><tr><td><strong>&lt; 5,000<\/strong><\/td><td>7 jours<\/td><td>48 heures<\/td><\/tr><tr><td><strong>&lt; 10,000<\/strong><\/td><td>13 jours<\/td><td>4 jours<\/td><\/tr><tr><td><strong>10,000<\/strong> +<\/td><td>             <a href=\"mailto:info@anchorenglish.com\">Contactez-nous<\/a><\/td><td>           <a href=\"mailto:info@anchorenglish.com\">Contactez-nous <\/a>     <\/td><\/tr><\/tbody><\/table><\/figure>\n\n\n\n<p><strong>Documents longs (th\u00e8ses \/ m\u00e9moires \/ dissertations etc.)<\/strong><\/p>\n\n\n\n<p>Nous acceptons volontiers des documents tr\u00e8s longs, par exemple les th\u00e8ses, dissertations. m\u00e9moires, essais ou manuscrits originaux, mais nous pr\u00e9f\u00e9rons \u00e9valuer ces derniers individuellement afin de fournir un service optimal \u00e0 nos clients. Par cons\u00e9quent, si votre document contient plus de 10,000 mots, merci de <a href=\"mailto:info@anchorenglish.com\">nous contactez<\/a> pour obtenir une \u00e9valuation pr\u00e9cise de la dur\u00e9e de correction et le prix. Dans tous les cas, nous nous engageons \u00e0 un retour rapide.<\/p>\n","protected":false},"excerpt":{"rendered":"<p>Nous offrons deux types de service, Normale et Expr\u00e8s. Mots Dur\u00e9e de r\u00e9vision Normal Express jusqu&#8217;\u00e0&nbsp; 2,000 72 heures 24 heures &lt; 5,000 7 jours 48 heures &lt; 10,000 13 jours 4 jours 10,000 + Contactez-nous Contactez-nous Documents longs (th\u00e8ses \/ m\u00e9moires \/ dissertations etc.) Nous acceptons volontiers des documents tr\u00e8s longs, par exemple les [&hellip;]<\/p>\n","protected":false},"author":1,"featured_media":0,"parent":0,"menu_order":0,"comment_status":"closed","ping_status":"closed","template":"","meta":{"ub_ctt_via":"","footnotes":""},"class_list":["post-61","page","type-page","status-publish","hentry"],"featured_image_src":null,"_links":{"self":[{"href":"https:\/\/www.anchorenglish.com\/frenchwp\/wp-json\/wp\/v2\/pages\/61","targetHints":{"allow":["GET"]}}],"collection":[{"href":"https:\/\/www.anchorenglish.com\/frenchwp\/wp-json\/wp\/v2\/pages"}],"about":[{"href":"https:\/\/www.anchorenglish.com\/frenchwp\/wp-json\/wp\/v2\/types\/page"}],"author":[{"embeddable":true,"href":"https:\/\/www.anchorenglish.com\/frenchwp\/wp-json\/wp\/v2\/users\/1"}],"replies":[{"embeddable":true,"href":"https:\/\/www.anchorenglish.com\/frenchwp\/wp-json\/wp\/v2\/comments?post=61"}],"version-history":[{"count":7,"href":"https:\/\/www.anchorenglish.com\/frenchwp\/wp-json\/wp\/v2\/pages\/61\/revisions"}],"predecessor-version":[{"id":72,"href":"https:\/\/www.anchorenglish.com\/frenchwp\/wp-json\/wp\/v2\/pages\/61\/revisions\/72"}],"wp:attachment":[{"href":"https:\/\/www.anchorenglish.com\/frenchwp\/wp-json\/wp\/v2\/media?parent=61"}],"curies":[{"name":"wp","href":"https:\/\/api.w.org\/{rel}","templated":true}]}}