{"id":6,"date":"2021-02-12T18:00:24","date_gmt":"2021-02-12T18:00:24","guid":{"rendered":"https:\/\/www.anchorenglish.com\/frenchwp\/?page_id=6"},"modified":"2021-09-06T18:30:15","modified_gmt":"2021-09-06T17:30:15","slug":"qui","status":"publish","type":"page","link":"https:\/\/www.anchorenglish.com\/frenchwp\/qui\/","title":{"rendered":"Qui sommes-nous?"},"content":{"rendered":"\n<p> <strong>Anchor English\u00a0<\/strong>offre un service de correction de texte en anglais depuis 1999. Notre client\u00e8le est compos\u00e9e de grandes entreprises, professeurs d&#8217;universit\u00e9, scientifiques, \u00e9tudiants et particuliers. Nous corrigeons tout type de document \u00e9crit en anglais : th\u00e8se, dissertation ou lettre personnelle.\u00a0<a href=\"https:\/\/anchorenglish.com\/french\/frdocuments.htm\">Exemples.<\/a> <\/p>\n\n\n\n<p>Notre si\u00e8ge central est en Angleterre mais naturellement, puisque nous sommes une compagnie Internet-bas\u00e9e nos clients viennent maintenant partout dans le monde.<\/p>\n\n\n\n<p><strong>Qui v\u00e9rifiera votre document?<\/strong><\/p>\n\n\n\n<p>Le succ\u00e8s de notre entreprise d\u00e9pend de la qualit\u00e9 de nos correcteurs. Par cons\u00e9quent, nous n\u2019employons que des correcteurs de haut niveau professionnel. Soyez certains que le r\u00e9dacteur s\u00e9lectionn\u00e9 sera un natif anglophone, expert de haut niveau en langues, et sp\u00e9cialiste dans plusieurs domaines.<\/p>\n","protected":false},"excerpt":{"rendered":"<p>Anchor English\u00a0offre un service de correction de texte en anglais depuis 1999. Notre client\u00e8le est compos\u00e9e de grandes entreprises, professeurs d&#8217;universit\u00e9, scientifiques, \u00e9tudiants et particuliers. Nous corrigeons tout type de document \u00e9crit en anglais : th\u00e8se, dissertation ou lettre personnelle.\u00a0Exemples. Notre si\u00e8ge central est en Angleterre mais naturellement, puisque nous sommes une compagnie Internet-bas\u00e9e nos [&hellip;]<\/p>\n","protected":false},"author":1,"featured_media":0,"parent":0,"menu_order":0,"comment_status":"closed","ping_status":"closed","template":"","meta":{"ub_ctt_via":"","footnotes":""},"class_list":["post-6","page","type-page","status-publish","hentry"],"featured_image_src":null,"_links":{"self":[{"href":"https:\/\/www.anchorenglish.com\/frenchwp\/wp-json\/wp\/v2\/pages\/6","targetHints":{"allow":["GET"]}}],"collection":[{"href":"https:\/\/www.anchorenglish.com\/frenchwp\/wp-json\/wp\/v2\/pages"}],"about":[{"href":"https:\/\/www.anchorenglish.com\/frenchwp\/wp-json\/wp\/v2\/types\/page"}],"author":[{"embeddable":true,"href":"https:\/\/www.anchorenglish.com\/frenchwp\/wp-json\/wp\/v2\/users\/1"}],"replies":[{"embeddable":true,"href":"https:\/\/www.anchorenglish.com\/frenchwp\/wp-json\/wp\/v2\/comments?post=6"}],"version-history":[{"count":2,"href":"https:\/\/www.anchorenglish.com\/frenchwp\/wp-json\/wp\/v2\/pages\/6\/revisions"}],"predecessor-version":[{"id":50,"href":"https:\/\/www.anchorenglish.com\/frenchwp\/wp-json\/wp\/v2\/pages\/6\/revisions\/50"}],"wp:attachment":[{"href":"https:\/\/www.anchorenglish.com\/frenchwp\/wp-json\/wp\/v2\/media?parent=6"}],"curies":[{"name":"wp","href":"https:\/\/api.w.org\/{rel}","templated":true}]}}