{"id":54,"date":"2021-09-06T18:25:47","date_gmt":"2021-09-06T17:25:47","guid":{"rendered":"https:\/\/www.anchorenglish.com\/frenchwp\/?page_id=54"},"modified":"2021-09-10T20:03:29","modified_gmt":"2021-09-10T19:03:29","slug":"envoi","status":"publish","type":"page","link":"https:\/\/www.anchorenglish.com\/frenchwp\/envoi\/","title":{"rendered":"Envoi des documents"},"content":{"rendered":"\n\t\t\t<div class=\"ccf-form-wrapper form-id-121\" data-form-id=\"121\">\n\t\t\t\t<form enctype=\"multipart\/form-data\" class=\"ccf-form ccf-theme-default\" method=\"post\" action=\"?v=1777815188\" data-form-id=\"121\">\n\n\t\t\t\t\t\n\t\t\t\t\t\n\t\t\t\t\t\n\t\t<div data-field-type=\"dropdown\" data-field-slug=\"dropdown-1\" class=\"form-group  field dropdown-1 field-type-dropdown field-351  \">\n\t\t\t<label class=\"main-label\" for=\"ccf_field_dropdown-1\">\n\t\t\t\t\t\t\t\tTitre\t\t\t<\/label>\n\t\t\t<select class=\"form-control  field-input\"   name=\"ccf_field_dropdown-1\" id=\"ccf_field_dropdown-1\">\n\t\t\t\t\t\t\t\t\t<option  value=\"Monsieur\">Monsieur<\/option>\n\t\t\t\t\t\t\t\t\t<option  value=\"Madame\">Madame<\/option>\n\t\t\t\t\t\t\t\t\t<option  value=\"Mlle\">Mlle<\/option>\n\t\t\t\t\t\t\t<\/select>\n\n\t\t\t\n\t\t\t\t\t<\/div>\n\n\t\t\n\t\t<div data-field-type=\"name\" data-field-slug=\"name-2\" class=\"form-group  field name-2 field-type-name field-355  field-required\">\n\t\t\t<label class=\"main-label\">\n\t\t\t\t<span class=\"required\">*<\/span>\t\t\t\tNom\t\t\t<\/label>\n\t\t\t<div class=\"left\">\n\t\t\t\t<input value=\"\" class=\"form-control  field-input\" required aria-required=\"true\" type=\"text\" name=\"ccf_field_name-2[first]\" id=\"ccf_field_name-2-first\">\n\t\t\t\t\t\t\t\t<label for=\"ccf_field_name-2-first\" class=\"sub-label help-block text-muted\">First<\/label>\n\t\t\t<\/div>\n\t\t\t<div class=\"right\">\n\t\t\t\t<input value=\"\" class=\"form-control  field-input\" required aria-required=\"true\" type=\"text\" name=\"ccf_field_name-2[last]\" id=\"ccf_field_name-2-last\">\n\t\t\t\t\t\t\t\t<label for=\"ccf_field_name-2-last\" class=\"sub-label help-block text-muted\">Last<\/label>\n\t\t\t<\/div>\n\n\t\t\t<div class=\"ccf-clear\"><\/div>\n\n\t\t\t\t\t<\/div>\n\n\t\t\n\t\t<div data-field-type=\"email\" data-field-slug=\"email-3\" class=\"form-group  field email-3 field-type-email field-356  field-required\">\n\t\t\t<label class=\"main-label\" for=\"ccf_field_email-3\">\n\t\t\t\t<span class=\"required\">*<\/span>\t\t\t\tE-mail\t\t\t<\/label>\n\t\t\t\t\t\t\t<input class=\"form-control  field-input\" required aria-required=\"true\" name=\"ccf_field_email-3\" id=\"ccf_field_email-3\"  placeholder=\"email@example.com\" type=\"text\" value=\"\">\n\t\t\t\t\t\t\t\n\t\t\t\t\t<\/div>\n\n\t\t\n\t\t<div data-field-type=\"dropdown\" data-field-slug=\"dropdown-4\" class=\"form-group  field dropdown-4 field-type-dropdown field-357  field-required\">\n\t\t\t<label class=\"main-label\" for=\"ccf_field_dropdown-4\">\n\t\t\t\t<span class=\"required\">*<\/span>\t\t\t\tDevise\t\t\t<\/label>\n\t\t\t<select class=\"form-control  field-input\" required aria-required=\"true\"  name=\"ccf_field_dropdown-4\" id=\"ccf_field_dropdown-4\">\n\t\t\t\t\t\t\t\t\t<option  value=\"Euros\">Euros<\/option>\n\t\t\t\t\t\t\t\t\t<option  value=\"GBP\">GBP<\/option>\n\t\t\t\t\t\t\t\t\t<option  value=\"USD\">USD<\/option>\n\t\t\t\t\t\t\t<\/select>\n\n\t\t\t\n\t\t\t\t\t<\/div>\n\n\t\t\n\t\t<div data-field-type=\"checkboxes\" data-field-slug=\"checkboxes-5\" class=\"form-group  field checkboxes-5 field-type-checkboxes field-361  field-required\">\n\t\t\t<label class=\"main-label\" for=\"ccf_field_checkboxes-5\">\n\t\t\t\t<span class=\"required\">*<\/span>\t\t\t\tAnglais britannique ou am\u00e9ricain?\t\t\t<\/label>\n\t\t\t\t\t\t\t<div class=\"choice checkbox\">\n\t\t\t\t\t<label><input class=\"field-input\" name=\"ccf_field_checkboxes-5[]\" type=\"checkbox\"  value=\"Britannique\"> <span>Britannique<\/span><\/label>\n\t\t\t\t<\/div>\n\t\t\t\t\t\t\t<div class=\"choice checkbox\">\n\t\t\t\t\t<label><input class=\"field-input\" name=\"ccf_field_checkboxes-5[]\" type=\"checkbox\"  value=\"Am\u00e9ricain\"> <span>Am\u00e9ricain<\/span><\/label>\n\t\t\t\t<\/div>\n\t\t\t\n\t\t\t\n\t\t\t\t\t<\/div>\n\n\t\t\n\t\t<div data-field-type=\"radio\" data-field-slug=\"radio-6\" class=\"form-group  field field-type-radio radio-6 field-364  field-required\">\n\t\t\t<label class=\"main-label\" for=\"ccf_field_radio-6\">\n\t\t\t\t<span class=\"required\">*<\/span>\t\t\t\tService normal or express?\t\t\t<\/label>\n\t\t\t\t\t\t\t<div class=\"choice radio\">\n\t\t\t\t\t<label><input class=\"field-input\" name=\"ccf_field_radio-6\" type=\"radio\"  value=\"Normal\"> <span>Normal<\/span><\/label>\n\t\t\t\t<\/div>\n\t\t\t\t\t\t\t<div class=\"choice radio\">\n\t\t\t\t\t<label><input class=\"field-input\" name=\"ccf_field_radio-6\" type=\"radio\"  value=\"Express\"> <span>Express<\/span><\/label>\n\t\t\t\t<\/div>\n\t\t\t\n\t\t\t\n\t\t\t\t\t<\/div>\n\n\t\t\n\t\t<div data-field-type=\"single-line-text\" data-field-slug=\"single-line-text-11\" class=\"form-group  field single-line-text-11 field-type-single-line-text field-367  \">\n\t\t\t<label class=\"main-label\" for=\"ccf_field_single-line-text-11\">\n\t\t\t\t\t\t\t\tCode Promo?\t\t\t<\/label>\n\t\t\t<input class=\"form-control  field-input\"  type=\"text\" name=\"ccf_field_single-line-text-11\" id=\"ccf_field_single-line-text-11\" placeholder=\"\" value=\"\">\n\n\t\t\t\n\t\t\t\t\t<\/div>\n\n\t\t\n\t\t<div data-max-file-size=\"50\" data-file-extensions=\"\" data-field-type=\"file\" data-field-slug=\"file-7\" class=\"form-group  field file-7 field-type-file field-368  field-required\">\n\t\t\t<label class=\"main-label\" for=\"ccf_field_file-7\">\n\t\t\t\t<span class=\"required\">*<\/span>\t\t\t\tS\u00e9lectionner le document\t\t\t<\/label>\n\n\t\t\t<input class=\"form-control  field-input\" required aria-required=\"true\" type=\"file\" name=\"ccf_field_file-7\" id=\"ccf_field_file-7\" placeholder=\"\" value=\"\" accept=\"\">\n\n\t\t\t<div class=\"field-description help-block text-muted\">\n\t\t\t\t\t\t\t\tMax file size is 50 MB. \t\t\t\t\t\t\t<\/div>\n\n\t\t\t\t\t<\/div>\n\n\t\t\n\t\t<div data-max-file-size=\"50\" data-file-extensions=\"\" data-field-type=\"file\" data-field-slug=\"file-10\" class=\"form-group  field file-10 field-type-file field-369  \">\n\t\t\t<label class=\"main-label\" for=\"ccf_field_file-10\">\n\t\t\t\t\t\t\t\t\t\t\t<\/label>\n\n\t\t\t<input class=\"form-control  field-input\"  type=\"file\" name=\"ccf_field_file-10\" id=\"ccf_field_file-10\" placeholder=\"\" value=\"\" accept=\"\">\n\n\t\t\t<div class=\"field-description help-block text-muted\">\n\t\t\t\t\t\t\t\tMax file size is 50 MB. \t\t\t\t\t\t\t<\/div>\n\n\t\t\t\t\t<\/div>\n\n\t\t\n\t\t<div data-field-type=\"paragraph-text\" data-field-slug=\"paragraph-text-8\" class=\"form-group  field paragraph-text-8 field-type-paragraph-text field-370  \">\n\t\t\t<label class=\"main-label\" for=\"ccf_field_paragraph-text-8\">\n\t\t\t\t\t\t\t\tLes autres informations? (Optionel)\t\t\t<\/label>\n\t\t\t<textarea class=\"form-control  field-input\"  name=\"ccf_field_paragraph-text-8\" id=\"ccf_field_paragraph-text-8\" placeholder=\"\"><\/textarea>\n\n\t\t\t\t\t\t\t<div class=\"field-description help-block text-muted\">\n\t\t\t\t\tY a-t-il autre chose que nous devrions savoir? (Par exemple, un code de bon, un num\u00e9ro de r\u00e9f\u00e9rence ou toute autre information)\t\t\t\t<\/div>\n\t\t\t\n\t\t\t\t\t<\/div>\n\n\t\t\n\t\t<div data-field-type=\"simple-captcha\" data-field-slug=\"simple-captcha-9\" class=\"form-group  field simple-captcha-9 field-type-simple-captcha field-371  \">\n\t\t\t<label class=\"main-label\" for=\"ccf_field_simple-captcha-9\">\n\t\t\t\t<span class=\"required\">*<\/span>\n\t\t\t\tVeuillez saisir le texte ci-dessous\t\t\t<\/label>\n\t\t\t<div class=\"ccf-simple-captcha-wrapper\">\n\t\t\t\t<img decoding=\"async\" src=\"\/frenchwp\/wp-content\/plugins\/custom-contact-forms\/vendor\/abeautifulsite\/simple-php-captcha\/simple-php-captcha.php?_CAPTCHA&#038;t=0.75046200+1777815188\">\n\t\t\t<\/div>\n\n\t\t\t<input class=\"form-control  field-input\" required aria-required=\"true\" type=\"text\" name=\"ccf_field_simple-captcha-9\" id=\"ccf_field_simple-captcha-9\" placeholder=\"Type the characters in the image\">\n\n\t\t\t\n\t\t\t\t\t<\/div>\n\n\t\t\n\t\t\t\t\t<div class=\"form-submit \">\n\t\t\t\t\t\t<input type=\"submit\" class=\"btn btn-primary ccf-submit-button\" value=\"Envoyez\">\n\t\t\t\t\t\t<img decoding=\"async\" class=\"loading-img\" src=\"https:\/\/www.anchorenglish.com\/frenchwp\/wp-admin\/images\/wpspin_light.gif\">\n\t\t\t\t\t<\/div>\n\n\t\t\t\t\t<script type=\"text\/javascript\">\n\t\t\t\t\twindow.wp = window.wp || {};\n\t\t\t\t\twp.ccf = wp.ccf || {};\n\t\t\t\t\twp.ccf.conditionals = wp.ccf.conditionals || [];\n\t\t\t\t\twp.ccf.conditionals[121] = [];\n\t\t\t\t\t<\/script>\n\n\t\t\t\t\t<input type=\"hidden\" name=\"form_id\" value=\"121\">\n\t\t\t\t\t<input type=\"hidden\" name=\"form_page\" value=\"https:\/\/www.anchorenglish.com\/frenchwp\/frenchwp\/wp-json\/wp\/v2\/pages\/54\">\n\t\t\t\t\t<input type=\"text\" name=\"my_information\" style=\"display: none;\">\n\t\t\t\t\t<input type=\"hidden\"  name=\"ccf_form\" value=\"1\">\n\t\t\t\t\t<input type=\"hidden\" name=\"form_nonce\" value=\"838cfe2e9c\">\n\t\t\t\t<\/form>\n\n\t\t\t\t<iframe class=\"ccf-form-frame\" id=\"ccf_form_frame_121\" name=\"ccf_form_frame_121\"><\/iframe>\n\t\t\t<\/div>\n\n\t\t\t\n<p><\/p>\n\n","protected":false},"excerpt":{"rendered":"","protected":false},"author":1,"featured_media":0,"parent":0,"menu_order":0,"comment_status":"closed","ping_status":"closed","template":"","meta":{"ub_ctt_via":"","footnotes":""},"class_list":["post-54","page","type-page","status-publish","hentry"],"featured_image_src":null,"_links":{"self":[{"href":"https:\/\/www.anchorenglish.com\/frenchwp\/wp-json\/wp\/v2\/pages\/54","targetHints":{"allow":["GET"]}}],"collection":[{"href":"https:\/\/www.anchorenglish.com\/frenchwp\/wp-json\/wp\/v2\/pages"}],"about":[{"href":"https:\/\/www.anchorenglish.com\/frenchwp\/wp-json\/wp\/v2\/types\/page"}],"author":[{"embeddable":true,"href":"https:\/\/www.anchorenglish.com\/frenchwp\/wp-json\/wp\/v2\/users\/1"}],"replies":[{"embeddable":true,"href":"https:\/\/www.anchorenglish.com\/frenchwp\/wp-json\/wp\/v2\/comments?post=54"}],"version-history":[{"count":3,"href":"https:\/\/www.anchorenglish.com\/frenchwp\/wp-json\/wp\/v2\/pages\/54\/revisions"}],"predecessor-version":[{"id":218,"href":"https:\/\/www.anchorenglish.com\/frenchwp\/wp-json\/wp\/v2\/pages\/54\/revisions\/218"}],"wp:attachment":[{"href":"https:\/\/www.anchorenglish.com\/frenchwp\/wp-json\/wp\/v2\/media?parent=54"}],"curies":[{"name":"wp","href":"https:\/\/api.w.org\/{rel}","templated":true}]}}