{"id":5,"date":"2021-02-12T18:00:24","date_gmt":"2021-02-12T18:00:24","guid":{"rendered":"https:\/\/www.anchorenglish.com\/frenchwp\/?page_id=5"},"modified":"2023-09-26T19:45:59","modified_gmt":"2023-09-26T18:45:59","slug":"create-your-website-with-blocks","status":"publish","type":"page","link":"https:\/\/www.anchorenglish.com\/frenchwp\/","title":{"rendered":"Bienvenue"},"content":{"rendered":"\n<h2 class=\"wp-block-heading alignwide has-text-align-wide has-gigantic-font-size\" style=\"line-height:1.1\"><\/h2>\n\n\n\n<p><strong>Anchor English&nbsp;<\/strong>offre un service de correction de texte en anglais depuis 1999. Nous sommes bas\u00e9s au Royaume-Uni et nos correcteurs sont britanniques ou am\u00e9ricains, bien qualifi\u00e9s et professionnels. Notre client\u00e8le est compos\u00e9e de grandes entreprises, professeurs d&#8217;universit\u00e9, scientifiques, \u00e9tudiants et particuliers. Nous corrigeons tout type de document \u00e9crit en anglais: th\u00e8se, dissertation ou lettre personnelle.&nbsp;<a href=\"https:\/\/www.anchorenglish.com\/frenchwp\/documents-acceptes\/\">Exemples.<\/a><\/p>\n\n\n\n<p><strong>Six bonnes raisons de faire appel \u00e0 nous:<\/strong><\/p>\n\n\n\n<ol class=\"wp-block-list\">\n<li><a href=\"https:\/\/www.anchorenglish.com\/frenchwp\/envoi\/\"><strong>Obtenir un devis rapidement<\/strong>.<\/a><\/li>\n\n\n\n<li><strong>Tous nos correcteurs sont des locuteurs natifs<\/strong> (anglais ou am\u00e9ricains).<\/li>\n\n\n\n<li><strong>Des correcteurs professionnels<\/strong> \u00e0 votre service, sp\u00e9cialistes dans une vari\u00e9t\u00e9 de mati\u00e8res.<\/li>\n\n\n\n<li><strong>Pas de frais de carte de cr\u00e9dit, pas de TVA<\/strong>: le prix indiqu\u00e9 est le prix que vous payez.<\/li>\n\n\n\n<li><strong>Suivi gratuit<\/strong>: apr\u00e8s avoir r\u00e9vis\u00e9 votre document en fonction de nos suggestions, nous v\u00e9rifierons gratuitement vos modifications.<\/li>\n\n\n\n<li><strong>Le processus de correction en 5 \u00e9tapes<\/strong>. La correction de votre document suivra un processus en 5 \u00e9tapes. Dans le document final, tous les points de correction seront clairement identifi\u00e9s. <\/li>\n\n\n\n<li><strong>Remises pour les documents longs<\/strong>, par exemple th\u00e8ses ou m\u00e9moires.<br><br><\/li>\n<\/ol>\n\n\n<div class=\"ub-buttons align-button-center\"  id=\"ub-button-d2a75e56-8cbd-4a2e-9b76-9e2f1cde7a17\"><div class=\"ub-button-container\">\n    <a href=\"https:\/\/www.anchorenglish.com\/frenchwp\/envoi\/\" target=\"_self\"\n    rel=\"noopener noreferrer\"\n    class=\"ub-button-block-main ub-button-medium\" role=\"button\">\n    <div class=\"ub-button-content-holder\"><span class=\"ub-button-block-btn\">Obtenir un Devis<\/span>\n    <\/div><\/a><\/div><\/div>\n\n\n<div class=\"wp-block-columns alignwide are-vertically-aligned-center is-style-twentytwentyone-columns-overlap is-layout-flex wp-container-core-columns-is-layout-9d6595d7 wp-block-columns-is-layout-flex\">\n<div class=\"wp-block-column is-vertically-aligned-center is-layout-flow wp-block-column-is-layout-flow\">\n<div style=\"height:100px\" aria-hidden=\"true\" class=\"wp-block-spacer\"><\/div>\n<\/div>\n\n\n\n<div class=\"wp-block-column is-vertically-aligned-center is-layout-flow wp-block-column-is-layout-flow\">\n<div style=\"height:100px\" aria-hidden=\"true\" class=\"wp-block-spacer\"><\/div>\n<\/div>\n<\/div>\n\n\n\n<div style=\"height:50px\" aria-hidden=\"true\" class=\"wp-block-spacer\"><\/div>\n\n\n\n<div class=\"wp-block-columns alignwide are-vertically-aligned-top is-layout-flex wp-container-core-columns-is-layout-9d6595d7 wp-block-columns-is-layout-flex\">\n<div class=\"wp-block-column is-vertically-aligned-top is-layout-flow wp-block-column-is-layout-flow\">\n<h3 class=\"wp-block-heading\"><\/h3>\n<\/div>\n\n\n\n<div class=\"wp-block-column is-vertically-aligned-top is-layout-flow wp-block-column-is-layout-flow\">\n<h3 class=\"wp-block-heading\"><\/h3>\n<\/div>\n\n\n\n<div class=\"wp-block-column is-vertically-aligned-top is-layout-flow wp-block-column-is-layout-flow\">\n<h3 class=\"wp-block-heading\"><\/h3>\n<\/div>\n<\/div>\n\n\n\n<div style=\"height:100px\" aria-hidden=\"true\" class=\"wp-block-spacer\"><\/div>\n\n\n\n<p><\/p>\n","protected":false},"excerpt":{"rendered":"<p>Anchor English&nbsp;offre un service de correction de texte en anglais depuis 1999. Nous sommes bas\u00e9s au Royaume-Uni et nos correcteurs sont britanniques ou am\u00e9ricains, bien qualifi\u00e9s et professionnels. Notre client\u00e8le est compos\u00e9e de grandes entreprises, professeurs d&#8217;universit\u00e9, scientifiques, \u00e9tudiants et particuliers. Nous corrigeons tout type de document \u00e9crit en anglais: th\u00e8se, dissertation ou lettre personnelle.&nbsp;Exemples. [&hellip;]<\/p>\n","protected":false},"author":1,"featured_media":0,"parent":0,"menu_order":0,"comment_status":"closed","ping_status":"closed","template":"","meta":{"ub_ctt_via":"","footnotes":""},"class_list":["post-5","page","type-page","status-publish","hentry"],"featured_image_src":null,"_links":{"self":[{"href":"https:\/\/www.anchorenglish.com\/frenchwp\/wp-json\/wp\/v2\/pages\/5","targetHints":{"allow":["GET"]}}],"collection":[{"href":"https:\/\/www.anchorenglish.com\/frenchwp\/wp-json\/wp\/v2\/pages"}],"about":[{"href":"https:\/\/www.anchorenglish.com\/frenchwp\/wp-json\/wp\/v2\/types\/page"}],"author":[{"embeddable":true,"href":"https:\/\/www.anchorenglish.com\/frenchwp\/wp-json\/wp\/v2\/users\/1"}],"replies":[{"embeddable":true,"href":"https:\/\/www.anchorenglish.com\/frenchwp\/wp-json\/wp\/v2\/comments?post=5"}],"version-history":[{"count":21,"href":"https:\/\/www.anchorenglish.com\/frenchwp\/wp-json\/wp\/v2\/pages\/5\/revisions"}],"predecessor-version":[{"id":397,"href":"https:\/\/www.anchorenglish.com\/frenchwp\/wp-json\/wp\/v2\/pages\/5\/revisions\/397"}],"wp:attachment":[{"href":"https:\/\/www.anchorenglish.com\/frenchwp\/wp-json\/wp\/v2\/media?parent=5"}],"curies":[{"name":"wp","href":"https:\/\/api.w.org\/{rel}","templated":true}]}}