{"id":339,"date":"2023-09-15T19:33:06","date_gmt":"2023-09-15T18:33:06","guid":{"rendered":"https:\/\/www.anchorenglish.com\/frenchwp\/?page_id=339"},"modified":"2024-08-28T11:41:21","modified_gmt":"2024-08-28T10:41:21","slug":"documents-acceptes","status":"publish","type":"page","link":"https:\/\/www.anchorenglish.com\/frenchwp\/documents-acceptes\/","title":{"rendered":"Documents accept\u00e9s"},"content":{"rendered":"\n<figure class=\"wp-block-table\"><table><tbody><tr><td colspan=\"2\"><strong>Quels types de document corrigez-vous ?<\/strong><\/td><\/tr><tr><td colspan=\"2\">La r\u00e9ponse est simple : \u00ab nous sommes corrigeons tout type de documents \u00e9crit en anglais \u00bb. Nous avons corrig\u00e9 des milliers de documents de types tr\u00e8s diff\u00e9rents, allant d\u2019expos\u00e9s techniques \u00e9labor\u00e9s \u00e0 des lettres personnelles courtes. Voici quelques exemples des travaux que nous avons d\u00e9j\u00e0 effectu\u00e9s:<br><br>&#8211; Travaux de recherche scientifiques<br>&#8211; Th\u00e8ses<br>&#8211; Essais<br>&#8211; Manuscrits destin\u00e9s \u00e0 publication<br>&#8211; Lettres commerciales<br>&#8211; Compositions (\u00e9cole et universit\u00e9)<br>&#8211; Textes publicitaires<br>&#8211; Manuels techniques<br>&#8211; R\u00e9sum\u00e9s<br>&#8211; Articles de magazine<br>&#8211; Lettres et email priv\u00e9s<br>&#8211; Brochures et d\u00e9pliants<br>&#8211; Sites Web<br>&#8211; Discours et pr\u00e9sentations<br><br>Ce sont quelques exemples. Si votre document ne fait pas partie de cette liste, ne vous inqui\u00e9tez pas. Nous le corrigerons pour vous.<br><br><a href=\"https:\/\/www.anchorenglish.com\/frenchwp\/envoi\/\">Cliquez ici pour envoyer votre document<\/a>.<\/td><\/tr><\/tbody><\/table><\/figure>\n","protected":false},"excerpt":{"rendered":"<p>Quels types de document corrigez-vous ? La r\u00e9ponse est simple : \u00ab nous sommes corrigeons tout type de documents \u00e9crit en anglais \u00bb. Nous avons corrig\u00e9 des milliers de documents de types tr\u00e8s diff\u00e9rents, allant d\u2019expos\u00e9s techniques \u00e9labor\u00e9s \u00e0 des lettres personnelles courtes. Voici quelques exemples des travaux que nous avons d\u00e9j\u00e0 effectu\u00e9s: &#8211; Travaux [&hellip;]<\/p>\n","protected":false},"author":1,"featured_media":0,"parent":0,"menu_order":0,"comment_status":"closed","ping_status":"closed","template":"","meta":{"ub_ctt_via":"","footnotes":""},"class_list":["post-339","page","type-page","status-publish","hentry"],"featured_image_src":null,"_links":{"self":[{"href":"https:\/\/www.anchorenglish.com\/frenchwp\/wp-json\/wp\/v2\/pages\/339","targetHints":{"allow":["GET"]}}],"collection":[{"href":"https:\/\/www.anchorenglish.com\/frenchwp\/wp-json\/wp\/v2\/pages"}],"about":[{"href":"https:\/\/www.anchorenglish.com\/frenchwp\/wp-json\/wp\/v2\/types\/page"}],"author":[{"embeddable":true,"href":"https:\/\/www.anchorenglish.com\/frenchwp\/wp-json\/wp\/v2\/users\/1"}],"replies":[{"embeddable":true,"href":"https:\/\/www.anchorenglish.com\/frenchwp\/wp-json\/wp\/v2\/comments?post=339"}],"version-history":[{"count":4,"href":"https:\/\/www.anchorenglish.com\/frenchwp\/wp-json\/wp\/v2\/pages\/339\/revisions"}],"predecessor-version":[{"id":402,"href":"https:\/\/www.anchorenglish.com\/frenchwp\/wp-json\/wp\/v2\/pages\/339\/revisions\/402"}],"wp:attachment":[{"href":"https:\/\/www.anchorenglish.com\/frenchwp\/wp-json\/wp\/v2\/media?parent=339"}],"curies":[{"name":"wp","href":"https:\/\/api.w.org\/{rel}","templated":true}]}}