{"id":112,"date":"2021-09-10T16:26:08","date_gmt":"2021-09-10T15:26:08","guid":{"rendered":"https:\/\/www.anchorenglish.com\/frenchwp\/?page_id=112"},"modified":"2021-09-10T16:26:08","modified_gmt":"2021-09-10T15:26:08","slug":"confidentialite","status":"publish","type":"page","link":"https:\/\/www.anchorenglish.com\/frenchwp\/confidentialite\/","title":{"rendered":"Confidentialit\u00e9"},"content":{"rendered":"\n<figure class=\"wp-block-table\"><table><tbody><tr><td>Politique de Confidentialit\u00e9<\/td><\/tr><tr><td>Nous sommes conscients que vos documents sont personnels et que certains peuvent contenir des informations d\u2019ordre confidentiel. Nous portons toute notre attention sur la protection de vos donn\u00e9es personnelles.<br><br>Par cons\u00e9quent, d\u00e8s que votre document est en notre possession, il n\u2019est ouvert que par une seule personne &#8211; le r\u00e9dacteur choisi pour le v\u00e9rifier. Le document sera alors stock\u00e9 sur un seul ordinateur s\u00e9curis\u00e9, prot\u00e9g\u00e9 par un mot de passe avec toutes les mesures de s\u00e9curit\u00e9 appropri\u00e9es. Notre syst\u00e8me informatique est prot\u00e9g\u00e9 par un pare-feu et par les m\u00e9thodes de s\u00e9curit\u00e9 les plus modernes, rendant impossible l&#8217;acc\u00e8s non autoris\u00e9 \u00e0 votre document. Le travail effectu\u00e9, notre politique consiste \u00e0 supprimer votre document de notre syst\u00e8me apr\u00e8s vous l\u2019avoir renvoy\u00e9. Ce d\u00e9lai peut toutefois varier en fonction de vos souhaits. C&#8217;est \u00e0 vous de choisir !<br><br>Mais n\u2019oubliez pas qu\u2019une fois le document supprim\u00e9, il est impossible de le r\u00e9cup\u00e9rer.<\/td><\/tr><\/tbody><\/table><\/figure>\n","protected":false},"excerpt":{"rendered":"<p>Politique de Confidentialit\u00e9 Nous sommes conscients que vos documents sont personnels et que certains peuvent contenir des informations d\u2019ordre confidentiel. Nous portons toute notre attention sur la protection de vos donn\u00e9es personnelles. Par cons\u00e9quent, d\u00e8s que votre document est en notre possession, il n\u2019est ouvert que par une seule personne &#8211; le r\u00e9dacteur choisi pour [&hellip;]<\/p>\n","protected":false},"author":1,"featured_media":0,"parent":0,"menu_order":0,"comment_status":"closed","ping_status":"closed","template":"","meta":{"ub_ctt_via":"","footnotes":""},"class_list":["post-112","page","type-page","status-publish","hentry"],"featured_image_src":null,"_links":{"self":[{"href":"https:\/\/www.anchorenglish.com\/frenchwp\/wp-json\/wp\/v2\/pages\/112","targetHints":{"allow":["GET"]}}],"collection":[{"href":"https:\/\/www.anchorenglish.com\/frenchwp\/wp-json\/wp\/v2\/pages"}],"about":[{"href":"https:\/\/www.anchorenglish.com\/frenchwp\/wp-json\/wp\/v2\/types\/page"}],"author":[{"embeddable":true,"href":"https:\/\/www.anchorenglish.com\/frenchwp\/wp-json\/wp\/v2\/users\/1"}],"replies":[{"embeddable":true,"href":"https:\/\/www.anchorenglish.com\/frenchwp\/wp-json\/wp\/v2\/comments?post=112"}],"version-history":[{"count":2,"href":"https:\/\/www.anchorenglish.com\/frenchwp\/wp-json\/wp\/v2\/pages\/112\/revisions"}],"predecessor-version":[{"id":115,"href":"https:\/\/www.anchorenglish.com\/frenchwp\/wp-json\/wp\/v2\/pages\/112\/revisions\/115"}],"wp:attachment":[{"href":"https:\/\/www.anchorenglish.com\/frenchwp\/wp-json\/wp\/v2\/media?parent=112"}],"curies":[{"name":"wp","href":"https:\/\/api.w.org\/{rel}","templated":true}]}}